{"id":144548,"date":"2016-03-10T18:52:12","date_gmt":"2016-03-10T17:52:12","guid":{"rendered":"https:\/\/sunpropertyrealestate.com\/politica-de-cookies\/"},"modified":"2022-10-03T15:52:03","modified_gmt":"2022-10-03T13:52:03","slug":"politica-de-cookies","status":"publish","type":"page","link":"https:\/\/sunpropertyrealestate.com\/fr\/politica-de-cookies\/","title":{"rendered":"Pol\u00edtica de cookies"},"content":{"rendered":"<p>Una cookie es un archivo de texto que un servidor web puede guardar en el disco duro de tu equipo para almacenar alg\u00fan tipo de informaci\u00f3n sobre ti como usuario. Las cookies se utilizan con diversas finalidades tales como almacenar datos para pr\u00f3ximas visitas, para reconocer al usuario y evitar pedir de nuevo la autentificaci\u00f3n, para saber que paginas visitas, o para guardar tus preferencias en \u00e1reas personalizables&#8230;). Normalmente los sitios web utilizan las cookies para obtener informaci\u00f3n estad\u00edstica sobre sus p\u00e1ginas web, y analizar el comportamiento de sus clientes\/usuarios.<\/p>\n<p>Quedan exceptuadas del cumplimiento de las obligaciones establecidas en el art\u00edculo 22.2 de la LSSI las cookies utilizadas para alguna de las siguientes finalidades:<\/p>\n<p>\u2022 Permitir \u00fanicamente la comunicaci\u00f3n entre el equipo del usuario y la red.<\/p>\n<p>\u2022 Estrictamente prestar un servicio expresamente solicitado por el usuario.<\/p>\n<p>As\u00ed, quedan\u00a0entre las cookies exceptuadas estar\u00edan aquellas que tienen por finalidad:<\/p>\n<p>\u2022 Cookies de \u201centrada del usuario\u201d.<\/p>\n<p>\u2022 Cookies de autenticaci\u00f3n o identificaci\u00f3n de usuario (\u00fanicamente de sesi\u00f3n).<\/p>\n<p>\u2022 Cookies de seguridad del usuario<\/p>\n<p>\u2022 Cookies de sesi\u00f3n de reproductor multimedia.<\/p>\n<p>\u2022 Cookies de sesi\u00f3n para equilibrar la carga.<\/p>\n<p>\u2022 Cookies de personalizaci\u00f3n de la interfaz de usuario.<\/p>\n<p>\u2022 Determinadas cookies de complemento (plug-in) para intercambiar contenidos sociales<\/p>\n<p>Los usos concretos que hacemos de estas tecnolog\u00edas se describen a continuaci\u00f3n:<\/p>\n<p><b>2.<\/b><b>Tipos de cookies<\/b><\/p>\n<p>&nbsp;<\/p>\n<p>Las cookies pueden clasificarse seg\u00fan los siguientes criterios:<\/p>\n<p>Seg\u00fan\u00a0<b>quien instala<\/b>\u00a0la cookie \u00e9stas pueden ser:<\/p>\n<p><b>Cookies propias:<\/b>\u00a0Son aqu\u00e9llas que se env\u00edan al equipo terminal del usuario desde un equipo o dominio gestionado por el propio editor y desde el que se presta el servicio solicitado por el usuario.<\/p>\n<p><b>Cookies de terceros:<\/b>\u00a0Son aqu\u00e9llas que se env\u00edan al equipo terminal del usuario bien desde un desde un equipo o dominio gestionado por nosotros o por un tercero, pero la informaci\u00f3n que se recoja las cookies es gestionada por un tercero distinto del titular de la web.<\/p>\n<p>Seg\u00fan su\u00a0<b>plazo<\/b>\u00a0de conservaci\u00f3n las cookies pueden ser:<\/p>\n<p><b>Cookies de sesi\u00f3n<\/b>: Son aquellas que duran el tiempo que el usuario est\u00e1 navegando por la p\u00e1gina Web y se borran cuando finaliza la navegaci\u00f3n.<\/p>\n<p><b>Cookies persistentes:<\/b>\u00a0Quedan almacenadas en el terminal del usuario, por un tiempo m\u00e1s largo, facilitando as\u00ed el control de las preferencias elegidas sin tener que repetir ciertos par\u00e1metros cada vez que se visite el sitio Web.<\/p>\n<p>Seg\u00fan su\u00a0<b>finalidad<\/b>\u00a0las cookies pueden ser:<\/p>\n<p><b>Cookies t\u00e9cnicas:<\/b>\u00a0Las cookies t\u00e9cnicas son aquellas imprescindibles y estrictamente necesarias para el correcto funcionamiento de un sitio Web y el uso de las diversas opciones y servicios que ofrece. Por ejemplo, las de mantenimiento de sesi\u00f3n, las que permiten utilizar elementos de seguridad, compartir contenido con redes sociales, etc.<\/p>\n<p><b>Cookies de personalizaci\u00f3n:<\/b>\u00a0Permiten al usuario escoger o personalizar caracter\u00edsticas de la p\u00e1gina Web como el idioma, configuraci\u00f3n regional o tipo de navegador.<\/p>\n<p><b>Cookies anal\u00edticas:<\/b>\u00a0Son las utilizadas por los portales Web, para elaborar perfiles de navegaci\u00f3n y poder conocer las preferencias de los usuarios con el fin de mejorar la oferta de productos y servicios. Permiten controlar \u00e1reas geogr\u00e1ficas de mayor inter\u00e9s de un usuario, la informaci\u00f3n de la web de m\u00e1s aceptaci\u00f3n, etc.<\/p>\n<p><b>Cookies publicitarias \/ de publicidad:<\/b>\u00a0son aquellas que almacenan informaci\u00f3n del comportamiento de los usuarios obtenida a trav\u00e9s de la observaci\u00f3n continuada de sus h\u00e1bitos de navegaci\u00f3n, lo que permite desarrollar un perfil espec\u00edfico para mostrar publicidad en funci\u00f3n del mismo.<\/p>\n<p><b>3.\u00a0\u00a0\u00a0\u00a0\u00a0<\/b><b>Cookies utilizadas en nuestra web<\/b><\/p>\n<p>sunproperty.es utiliza los siguientes tipos de cookies en la web:<\/p>\n<p><b>Cookies t\u00e9cnicas<\/b><\/p>\n<p>Permiten al usuario navegar por la Web y usar funcionalidades como el carrito de la compra.<\/p>\n<p><b>Cookies de personalizaci\u00f3n<\/b><\/p>\n<p>Permiten saber las preferencias del usuario: idioma, productos visitados..<\/p>\n<p><b>Cookies instaladas en nuestro dominio web:<\/b><\/p>\n<div align=\"center\">\n<table border=\"0\" width=\"547\" cellpadding=\"0\">\n<thead>\n<tr>\n<td width=\"208\">\n<p align=\"left\">Nombre de la cookie<\/p>\n<\/td>\n<td width=\"100\">\n<p align=\"left\">Finalidad<\/p>\n<\/td>\n<td valign=\"top\" width=\"66\">\n<p align=\"left\">Propia\/ de terceros<\/p>\n<\/td>\n<td valign=\"top\" width=\"104\">\n<p align=\"left\">Duraci\u00f3n<\/p>\n<\/td>\n<td width=\"57\">\n<p align=\"left\">\u00bfCuando se instala?<\/p>\n<\/td>\n<\/tr>\n<\/thead>\n<tbody>\n<tr>\n<td width=\"208\">\n<p align=\"left\">Cookie de sesi\u00f3n<\/p>\n<\/td>\n<td width=\"100\">\n<p align=\"left\">T\u00e9cnica<\/p>\n<\/td>\n<td valign=\"top\" width=\"66\">\n<p align=\"left\">Propia<\/p>\n<\/td>\n<td valign=\"top\" width=\"104\">\n<p align=\"left\">De sesi\u00f3n<\/p>\n<\/td>\n<td width=\"57\">\n<p align=\"left\">Cuando se accede al sitio Web<\/p>\n<\/td>\n<\/tr>\n<tr>\n<td width=\"208\">\n<p align=\"left\">displayCookieConsent<\/p>\n<\/td>\n<td width=\"100\">\n<p align=\"left\">T\u00e9cnica: Esta cookie almacena la aceptaci\u00f3n de cookies.<\/p>\n<\/td>\n<td valign=\"top\" width=\"66\">\n<p align=\"left\">Propias<\/p>\n<\/td>\n<td valign=\"top\" width=\"104\">\n<p align=\"left\">Persistente 1 a\u00f1o<\/p>\n<\/td>\n<td width=\"57\">\n<p align=\"left\">Cuando se accede al sitio Web<\/p>\n<\/td>\n<\/tr>\n<\/tbody>\n<\/table>\n<\/div>\n<p><b>4.\u00a0\u00a0\u00a0\u00a0\u00a0<\/b><b>Informaci\u00f3n y obtenci\u00f3n del consentimiento para la instalaci\u00f3n<\/b><\/p>\n<p>sunproperty.es procurar\u00e1 en todo momento establecer mecanismos adecuados para obtener el\u00a0consentimiento\u00a0del\u00a0Usuario\u00a0para la instalaci\u00f3n de cookies que lo requieran. Cuando un usuario accede a nuestra web aparece un pop-up en el que se informa de la existencia de cookies y de que si contin\u00faa navegando por nuestra p\u00e1gina presta su consentimiento para la instalaci\u00f3n de cookies.<\/p>\n<p><b>5.\u00a0\u00a0\u00a0\u00a0\u00a0<\/b><b>\u00bfC\u00f3mo puedo impedir la instalaci\u00f3n de cookies?<\/b><\/p>\n<p>El usuario puede configurar su navegador para aceptar, o no, las cookies que recibe o para que el navegador le avise cuando un servidor quiera guardar una cookie. Si se deshabilitan algunas cookies t\u00e9cnicas no se garantiza el correcto funcionamiento de algunas de las utilidades de la web.<\/p>\n<p>El usuario podr\u00e1 excluir que se almacenen en su terminal las cookies \u00ab\u00a0<i>anal\u00edticas y publicitarias\u201d<\/i>\u00a0de Google Analytics mediante los\u00a0<a href=\"https:\/\/tools.google.com\/dlpage\/gaoptout\">sistemas de exclusi\u00f3n facilitados por\u00a0Google Analytics.<\/a><\/p>\n<p>A continuaci\u00f3n, tambi\u00e9n le facilitamos algunos ejemplos de c\u00f3mo deshabilitar las cookies:<\/p>\n<p>a)\u00a0\u00a0\u00a0\u00a0Mediante la configuraci\u00f3n del propio navegador:<\/p>\n<p>\u00b7\u00a0\u00a0\u00a0\u00a0\u00a0\u00a0\u00a0\u00a0\u00a0Internet Explorer:\u00a0<a href=\"http:\/\/windows.microsoft.com\/es-es\/windows-vista\/block-or-allow-cookies\">http:\/\/windows.microsoft.com\/es-es\/windows-vista\/block-or-allow-cookies<\/a><\/p>\n<p>\u00b7\u00a0\u00a0\u00a0\u00a0\u00a0\u00a0\u00a0\u00a0\u00a0Firefox:\u00a0<a href=\"https:\/\/support.mozilla.org\/es\/kb\/habilitar-y-deshabilitar-cookies-que-los-sitios-web\">https:\/\/support.mozilla.org\/es\/kb\/habilitar-y-deshabilitar-cookies-que-los-sitios-web<\/a><\/p>\n<p>\u00b7\u00a0\u00a0\u00a0\u00a0\u00a0\u00a0\u00a0\u00a0\u00a0Safari:\u00a0\u00a0<a href=\"http:\/\/support.apple.com\/kb\/HT1677?viewlocale=es_ES\">http:\/\/support.apple.com\/kb\/HT1677?viewlocale=es_ES<\/a>.<\/p>\n<p>\u00b7\u00a0\u00a0\u00a0\u00a0\u00a0\u00a0\u00a0\u00a0\u00a0Chrome:\u00a0<a href=\"https:\/\/support.google.com\/accounts\/answer\/61416?hl=es\">https:\/\/support.google.com\/accounts\/answer\/61416?hl=es<\/a>.<\/p>\n<p>\u00b7\u00a0\u00a0\u00a0\u00a0\u00a0\u00a0\u00a0\u00a0\u00a0Opera:\u00a0<a href=\"http:\/\/help.opera.com\/Windows\/11.50\/es-ES\/cookies.html\">http:\/\/help.opera.com\/Windows\/11.50\/es-ES\/cookies.html<\/a><\/p>\n<p>Para ampliar esta informaci\u00f3n acuda a la p\u00e1gina de la Agencia Espa\u00f1ola de Protecci\u00f3n de Datos que ayuda a configurar la privacidad en redes sociales, navegadores y sistemas operativos m\u00f3viles.\u00a0<a href=\"http:\/\/www.agpd.es\/portalwebAGPD\/CanalDelCiudadano\/protegetuprivacidad\/index-ides-idphp.php\" target=\"_blank\" rel=\"noopener\">M\u00e1s informaci\u00f3n.<\/a><\/p>\n<p>b)\u00a0\u00a0\u00a0\u00a0Mediante herramientas de terceros:<\/p>\n<p>Existen herramientas de terceros, disponibles on line, que permiten a los usuarios detectar las cookies en cada sitio web que visita y gestionar su desactivaci\u00f3n, por ejemplo:<\/p>\n<p><a href=\"http:\/\/www.ghostery.com\/\">http:\/\/www.ghostery.com<\/a><\/p>\n<p><a href=\"http:\/\/www.youronlinechoices.com\/es\/\">http:\/\/www.youronlinechoices.com\/es\/<\/a><\/p>\n<p>En todo caso el usuario puede permitir o bloquear las cookies, as\u00ed como borrar sus datos de navegaci\u00f3n (incluidas las cookies) desde el navegador que usted utiliza. Consulte las opciones e instrucciones que ofrece su navegador para ello. Tenga en cuenta que si acepta las cookies de terceros, deber\u00e1 eliminarlas desde las opciones del navegador<\/p>\n<p><b>6.\u00a0\u00a0\u00a0\u00a0\u00a0<\/b><b>\u00a0Enlaces a otros sitios web<\/b><\/p>\n<p>Si opta por abandonar nuestro sitio Web a trav\u00e9s de enlaces a otros sitios Web no pertenecientes a nuestra entidad, no nos haremos responsables de las pol\u00edticas de privacidad de dichos sitios Web ni de las cookies que estos puedan almacenar en el ordenador del usuario.<\/p>\n<p><b>7.\u00a0\u00a0\u00a0\u00a0\u00a0<\/b><b>\u00bfC\u00f3mo recopilamos y usamos las direcciones IP?<\/b><\/p>\n<p>Los servidores de la Web podr\u00e1n detectar de manera autom\u00e1tica la direcci\u00f3n IP y el nombre de dominio utilizados por los usuarios.<\/p>\n<p>Una direcci\u00f3n IP es un n\u00famero asignado autom\u00e1ticamente a un ordenador cuando \u00e9ste se conecta a Internet. Esta informaci\u00f3n permite el posterior procesamiento de los datos con el fin de saber si ha prestado su consentimiento para la instalaci\u00f3n de cookies, realizar mediciones \u00fanicamente estad\u00edsticas que permitan conocer el n\u00famero de visitas realizadas a la Web, el orden de visitas, el punto de acceso, etc.<\/p>\n<p><b>8.\u00a0\u00a0\u00a0\u00a0\u00a0<\/b>\u00a0<b>Actualizaci\u00f3n de nuestra pol\u00edtica de cookies<\/b><\/p>\n<p>Esta pol\u00edtica se revisa peri\u00f3dicamente para asegurar su vigencia, por lo que puede ser modificada. Le recomendamos que visite la p\u00e1gina con regularidad donde le informaremos de cualquier actualizaci\u00f3n al respecto.<\/p>\n<p>Hay que a\u00f1adir un apartado relativo a las transferencias internacionales de datos:<\/p>\n<p>Debe especificarse el art\u00edculo del RGPD que permite la transferencia, identificar a los terceros pa\u00edses y proporcionar informaci\u00f3n sobre d\u00f3nde y c\u00f3mo se puede acceder a la decisi\u00f3n de adecuaci\u00f3n o a las garant\u00edas adecuadas o apropiadas, incluidas las normas corporativas vinculantes, que, en su caso, permitan la transferencia.<\/p>\n<p>EJEMPLO: Puedes informarte de las transferencias a terceros pa\u00edses que, en su caso, realizan los terceros identificados en esta pol\u00edtica de cookies en sus correspondientes pol\u00edticas (ver los enlaces facilitados en el apartado \u201cCookies de terceros\u201d).<\/p>\n","protected":false},"excerpt":{"rendered":"<p>Una cookie es un archivo de texto que un servidor web puede guardar en el disco duro de tu equipo para almacenar alg\u00fan tipo de informaci\u00f3n sobre ti como usuario. Las cookies se utilizan con diversas finalidades tales como almacenar datos para pr\u00f3ximas visitas, para reconocer al usuario y evitar pedir de nuevo la autentificaci\u00f3n, [&hellip;]<\/p>\n","protected":false},"author":1,"featured_media":0,"parent":0,"menu_order":0,"comment_status":"closed","ping_status":"closed","template":"template\/template-page.php","meta":[],"_links":{"self":[{"href":"https:\/\/sunpropertyrealestate.com\/fr\/wp-json\/wp\/v2\/pages\/144548"}],"collection":[{"href":"https:\/\/sunpropertyrealestate.com\/fr\/wp-json\/wp\/v2\/pages"}],"about":[{"href":"https:\/\/sunpropertyrealestate.com\/fr\/wp-json\/wp\/v2\/types\/page"}],"author":[{"embeddable":true,"href":"https:\/\/sunpropertyrealestate.com\/fr\/wp-json\/wp\/v2\/users\/1"}],"replies":[{"embeddable":true,"href":"https:\/\/sunpropertyrealestate.com\/fr\/wp-json\/wp\/v2\/comments?post=144548"}],"version-history":[{"count":1,"href":"https:\/\/sunpropertyrealestate.com\/fr\/wp-json\/wp\/v2\/pages\/144548\/revisions"}],"predecessor-version":[{"id":144552,"href":"https:\/\/sunpropertyrealestate.com\/fr\/wp-json\/wp\/v2\/pages\/144548\/revisions\/144552"}],"wp:attachment":[{"href":"https:\/\/sunpropertyrealestate.com\/fr\/wp-json\/wp\/v2\/media?parent=144548"}],"curies":[{"name":"wp","href":"https:\/\/api.w.org\/{rel}","templated":true}]}}